{"id":138,"date":"2016-08-03T01:55:35","date_gmt":"2016-08-02T23:55:35","guid":{"rendered":"http:\/\/em-land.pl\/?page_id=138"},"modified":"2016-08-17T09:11:40","modified_gmt":"2016-08-17T07:11:40","slug":"kursy-konwersacyjne","status":"publish","type":"page","link":"http:\/\/em-land.pl\/?page_id=138","title":{"rendered":"Konwersacje"},"content":{"rendered":"<p style=\"text-align: left;\"><div class=\"typography_heading\"><h3>Kursy <strong>konwersacyjne<\/strong><\/h3><\/div>\n<p><strong>\u015awiadomo\u015b\u0107 b\u0142\u0119du to po\u0142owa sukcesu. Zdob\u0105d\u017a j\u0105 podczas naszych kurs\u00f3w, <b>a zyskasz o wiele wi\u0119cej! <\/b><\/strong><\/p>\n<hr \/>\n<div class=\"row-fluid\"><div class=\"span5\"> <img loading=\"lazy\" decoding=\"async\" class=\"alignnone size-medium wp-image-489\" src=\"http:\/\/em-land.pl\/wp-content\/uploads\/2016\/08\/konwersacja-300x200.jpg\" alt=\"konwersacja\" width=\"300\" height=\"200\" \/><\/div>\n<div class=\"span7\">\n<p style=\"text-align: justify;\">Kursy konwersacyjne skierowane s\u0105 do wszystkich os\u00f3b, kt\u00f3re stawiaj\u0105 sobie za cel popraw\u0119 umiej\u0119tno\u015bci komunikacyjnych w j\u0119zyku angielskim. Zaj\u0119cia te przyczyniaj\u0105 si\u0119 do stopniowej eliminacji blokady j\u0119zykowej oraz poprawy p\u0142ynno\u015bci wypowiedzi.<br \/>\nKursanci znacz\u0105co wzbogacaj\u0105 swoje s\u0142ownictwo, gdy\u017c na zaj\u0119ciach poruszamy r\u00f3\u017cnorodne zagadnienia tematyczne.<br \/>\nKursy te s\u0105 przewodnikiem po pu\u0142apkach j\u0119zyka angielskiego. Ucz\u0105, jakie typowe b\u0142\u0119dy pope\u0142niaj\u0105 Polacy i jak ich unika\u0107. Daj\u0105 wskaz\u00f3wki komunikacyjne, a wszystko po to, by by\u0107 w\u0142a\u015bciwie zrozumianym.<\/div><\/div>\n<hr \/>\n<h2>Cechy kursu:<\/h2>\n<div class=\"span12 typography_coloumn\">\n\t\t\t<div class=\"unordered_list\"><ul>\n<li>Kursy odbywaj\u0105 si\u0119<strong> raz w tygodniu<\/strong><\/li>\n<li>Zaj\u0119cia trwaj\u0105 <strong>85 minut<\/strong> <\/li>\n<li> Post\u0119py kursant\u00f3w s\u0105 na bie\u017c\u0105co monitorowane, a po zako\u0144czeniu kursu otrzymuj\u0105 oni <b>certyfikaty<\/b><\/li>\n<\/ul><\/div><\/div>\n<p style=\"text-align: left;\"><a target=\"_blank\" class=\" button_red button_small  \" href=\"http:\/\/em-land.pl\/?page_id=46\" target=\" target=\"_blank\"\">Zapisz si\u0119<\/a>\n","protected":false},"excerpt":{"rendered":"<p>\u015awiadomo\u015b\u0107 b\u0142\u0119du to po\u0142owa sukcesu. Zdob\u0105d\u017a j\u0105 podczas naszych kurs\u00f3w, a zyskasz o wiele wi\u0119cej! Cechy kursu:<\/p>\n","protected":false},"author":1,"featured_media":0,"parent":136,"menu_order":1,"comment_status":"closed","ping_status":"closed","template":"page-rightsb.php","meta":{"footnotes":""},"class_list":["post-138","page","type-page","status-publish","hentry"],"_links":{"self":[{"href":"http:\/\/em-land.pl\/index.php?rest_route=\/wp\/v2\/pages\/138","targetHints":{"allow":["GET"]}}],"collection":[{"href":"http:\/\/em-land.pl\/index.php?rest_route=\/wp\/v2\/pages"}],"about":[{"href":"http:\/\/em-land.pl\/index.php?rest_route=\/wp\/v2\/types\/page"}],"author":[{"embeddable":true,"href":"http:\/\/em-land.pl\/index.php?rest_route=\/wp\/v2\/users\/1"}],"replies":[{"embeddable":true,"href":"http:\/\/em-land.pl\/index.php?rest_route=%2Fwp%2Fv2%2Fcomments&post=138"}],"version-history":[{"count":16,"href":"http:\/\/em-land.pl\/index.php?rest_route=\/wp\/v2\/pages\/138\/revisions"}],"predecessor-version":[{"id":528,"href":"http:\/\/em-land.pl\/index.php?rest_route=\/wp\/v2\/pages\/138\/revisions\/528"}],"up":[{"embeddable":true,"href":"http:\/\/em-land.pl\/index.php?rest_route=\/wp\/v2\/pages\/136"}],"wp:attachment":[{"href":"http:\/\/em-land.pl\/index.php?rest_route=%2Fwp%2Fv2%2Fmedia&parent=138"}],"curies":[{"name":"wp","href":"https:\/\/api.w.org\/{rel}","templated":true}]}}