{"id":256,"date":"2016-08-10T02:00:43","date_gmt":"2016-08-10T00:00:43","guid":{"rendered":"http:\/\/em-land.pl\/?page_id=256"},"modified":"2016-08-15T23:44:34","modified_gmt":"2016-08-15T21:44:34","slug":"kursy-business-english","status":"publish","type":"page","link":"http:\/\/em-land.pl\/?page_id=256","title":{"rendered":"Business English"},"content":{"rendered":"<p style=\"text-align: left;\"><div class=\"typography_heading\"><h3>Kursy j\u0119zyka biznesu - <strong>BUSINESS ENGLISH<\/strong><\/h3><\/div>\n<hr \/>\n<div class=\"row-fluid\"><div class=\"span5\"> <img loading=\"lazy\" decoding=\"async\" class=\"alignnone size-medium wp-image-484\" src=\"http:\/\/em-land.pl\/wp-content\/uploads\/2016\/08\/business-300x200.jpg\" alt=\"business\" width=\"300\" height=\"200\" \/><\/div>\n<div class=\"span7\">\n<p style=\"text-align: justify;\"><strong>Angielski to mi\u0119dzynarodowy j\u0119zyk biznesu.<\/strong> Dlatego coraz wi\u0119cej pracownik\u00f3w zmuszonych jest zg\u0142\u0119bia\u0107 tajniki Business English, by m\u00f3c efektywnie komunikowa\u0107 si\u0119 w \u015brodowisku mi\u0119dzynarodowym.<br \/>\n<strong>Celem naszych kurs\u00f3w<\/strong> jest d\u0105\u017cenie do prze\u0142amania bariery j\u0119zykowej, a tak\u017ce poprawa komunikacji pisemnej. W rezultacie nasi kursanci potrafi\u0105 z \u0142atwo\u015bci\u0105 odnale\u017a\u0107 si\u0119 w r\u00f3\u017cnorodnych sytuacjach \u017cycia zawodowego. Sprawnie wykonuj\u0105 prezentacje czy prowadz\u0105 spotkania s\u0142u\u017cbowe oraz\u00a0rozmowy telefoniczne w j\u0119zyku angielskim.<\/div><\/div>\n<hr \/>\n<h2>Cechy kursu:<\/h2>\n<div class=\"span12 typography_coloumn\">\n\t\t\t<div class=\"unordered_list\"><ul>\n<li>Szkolenia organizowane s\u0105 zar\u00f3wno dla klient\u00f3w korporacyjnych jak i instytucjonalnych<\/li>\n<li>Zaj\u0119cia mog\u0105 odbywa\u0107 si\u0119 tak\u017ce we wskazanej przez kursanta firmie, z wybran\u0105 cz\u0119stotliwo\u015bci\u0105, grupowo lub indywidualnie <\/li>\n<li>Stawiamy na elastyczno\u015b\u0107, dostosowuj\u0105c program do potrzeb klienta<\/li>\n<\/ul><\/div><\/div>\n<p style=\"text-align: left;\"><a target=\"_blank\" class=\" button_red button_small  \" href=\"http:\/\/em-land.pl\/?page_id=46\" target=\" target=\"_blank\"\">Zapisz si\u0119<\/a>\n","protected":false},"excerpt":{"rendered":"<p>Cechy kursu:<\/p>\n","protected":false},"author":1,"featured_media":0,"parent":136,"menu_order":3,"comment_status":"closed","ping_status":"closed","template":"page-rightsb.php","meta":{"footnotes":""},"class_list":["post-256","page","type-page","status-publish","hentry"],"_links":{"self":[{"href":"http:\/\/em-land.pl\/index.php?rest_route=\/wp\/v2\/pages\/256","targetHints":{"allow":["GET"]}}],"collection":[{"href":"http:\/\/em-land.pl\/index.php?rest_route=\/wp\/v2\/pages"}],"about":[{"href":"http:\/\/em-land.pl\/index.php?rest_route=\/wp\/v2\/types\/page"}],"author":[{"embeddable":true,"href":"http:\/\/em-land.pl\/index.php?rest_route=\/wp\/v2\/users\/1"}],"replies":[{"embeddable":true,"href":"http:\/\/em-land.pl\/index.php?rest_route=%2Fwp%2Fv2%2Fcomments&post=256"}],"version-history":[{"count":52,"href":"http:\/\/em-land.pl\/index.php?rest_route=\/wp\/v2\/pages\/256\/revisions"}],"predecessor-version":[{"id":521,"href":"http:\/\/em-land.pl\/index.php?rest_route=\/wp\/v2\/pages\/256\/revisions\/521"}],"up":[{"embeddable":true,"href":"http:\/\/em-land.pl\/index.php?rest_route=\/wp\/v2\/pages\/136"}],"wp:attachment":[{"href":"http:\/\/em-land.pl\/index.php?rest_route=%2Fwp%2Fv2%2Fmedia&parent=256"}],"curies":[{"name":"wp","href":"https:\/\/api.w.org\/{rel}","templated":true}]}}