{"id":130,"date":"2016-08-03T01:46:50","date_gmt":"2016-08-02T23:46:50","guid":{"rendered":"http:\/\/em-land.pl\/?page_id=130"},"modified":"2016-08-15T23:54:01","modified_gmt":"2016-08-15T21:54:01","slug":"cennik","status":"publish","type":"page","link":"https:\/\/em-land.pl\/?page_id=130","title":{"rendered":"Ceny kurs\u00f3w"},"content":{"rendered":"<div class=\"row-fluid\"><div class=\"span5\"> <img loading=\"lazy\" decoding=\"async\" class=\"alignnone size-medium wp-image-485\" src=\"http:\/\/em-land.pl\/wp-content\/uploads\/2016\/08\/cennik-300x200.jpg\" alt=\"cennik\" width=\"300\" height=\"200\" \/><\/div>\n<div class=\"span7\">\n<hr \/>\n<p style=\"text-align: justify;\">Ceny kurs\u00f3w uzale\u017cnione s\u0105 od ich rodzaju, d\u0142ugo\u015bci i cz\u0119stotliwo\u015bci spotka\u0144, a tak\u017ce ilo\u015bci os\u00f3b ucz\u0105cych si\u0119 w grupie. Proponujemy zni\u017cki rodzinne i rabaty przy wp\u0142acie za kurs za ca\u0142y rok.<br \/>\nSkontaktuj si\u0119 z nami, a my przedstawimy Tobie nasz\u0105 ofert\u0119.<\/p>\n<p style=\"text-align: right;\"><a target=\"_blank\" class=\" button_red button_small  \" href=\"http:\/\/em-land.pl\/?page_id=46\" target=\" target=\"_blank\"\">Skontaktuj si\u0119 z nami<\/a>\n<\/div><\/div>\n","protected":false},"excerpt":{"rendered":"","protected":false},"author":1,"featured_media":0,"parent":136,"menu_order":4,"comment_status":"closed","ping_status":"closed","template":"page-rightsb.php","meta":{"footnotes":""},"class_list":["post-130","page","type-page","status-publish","hentry"],"_links":{"self":[{"href":"https:\/\/em-land.pl\/index.php?rest_route=\/wp\/v2\/pages\/130","targetHints":{"allow":["GET"]}}],"collection":[{"href":"https:\/\/em-land.pl\/index.php?rest_route=\/wp\/v2\/pages"}],"about":[{"href":"https:\/\/em-land.pl\/index.php?rest_route=\/wp\/v2\/types\/page"}],"author":[{"embeddable":true,"href":"https:\/\/em-land.pl\/index.php?rest_route=\/wp\/v2\/users\/1"}],"replies":[{"embeddable":true,"href":"https:\/\/em-land.pl\/index.php?rest_route=%2Fwp%2Fv2%2Fcomments&post=130"}],"version-history":[{"count":31,"href":"https:\/\/em-land.pl\/index.php?rest_route=\/wp\/v2\/pages\/130\/revisions"}],"predecessor-version":[{"id":525,"href":"https:\/\/em-land.pl\/index.php?rest_route=\/wp\/v2\/pages\/130\/revisions\/525"}],"up":[{"embeddable":true,"href":"https:\/\/em-land.pl\/index.php?rest_route=\/wp\/v2\/pages\/136"}],"wp:attachment":[{"href":"https:\/\/em-land.pl\/index.php?rest_route=%2Fwp%2Fv2%2Fmedia&parent=130"}],"curies":[{"name":"wp","href":"https:\/\/api.w.org\/{rel}","templated":true}]}}