{"id":133,"date":"2016-08-03T01:50:05","date_gmt":"2016-08-02T23:50:05","guid":{"rendered":"http:\/\/em-land.pl\/?page_id=133"},"modified":"2023-08-29T23:41:21","modified_gmt":"2023-08-29T21:41:21","slug":"kursy-egzaminacyjne","status":"publish","type":"page","link":"https:\/\/em-land.pl\/?page_id=133","title":{"rendered":"Egzaminy"},"content":{"rendered":"<p style=\"text-align: left;\"><div class=\"typography_heading\"><h3>Kursy <strong>przygotowuj\u0105ce do egzamin\u00f3w<\/strong><\/h3><\/div>\n<p><span style=\"color: #c20000;\"><strong>FCE, CAE, CPE<\/strong>, egzamin \u00f3smoklasisty, egzamin maturalny<\/span><\/p>\n<hr \/>\n<div class=\"row-fluid\"><div class=\"span5\"> <img loading=\"lazy\" decoding=\"async\" class=\"alignnone size-medium wp-image-488\" src=\"http:\/\/em-land.pl\/wp-content\/uploads\/2016\/08\/egzaminy-300x200.jpg\" alt=\"egzaminy\" width=\"300\" height=\"200\" \/><\/div>\n<div class=\"span7\">\n<p style=\"text-align: justify;\"><strong>Potrzebujesz certyfikatu?<\/strong> Skorzystaj z kurs\u00f3w przygotowuj\u0105cych do egzamin\u00f3w FCE, CAE, CPE, kt\u00f3re s\u0105 najbardziej znanymi egzaminami j\u0119zykowymi na ca\u0142ym \u015bwiecie oferowanymi przez Uniwersytet Cambridge. Dyplomy Cambridge English uznawane s\u0105 przez wiele uniwersytet\u00f3w i instytucji edukacyjnych oraz pracodawc\u00f3w na ca\u0142ym \u015bwiecie. W Polsce natomiast s\u0105 potwierdzeniem kwalifikacji j\u0119zykowych, wymaganych od pracownik\u00f3w s\u0142u\u017cby cywilnej czy przewodnik\u00f3w turystycznych.<\/div><\/div>\n<p>W ofercie mamy tak\u017ce kursy przygotowuj\u0105ce do egzaminu \u00f3smoklasisty czy maturalnego. Pami\u0119taj &#8211; dobrze zdany egzamin, w\u00a0pierwszym\u00a0przypadku to szansa na nauk\u0119 w renomowanej szkole ponadpodstawowej, w drugim na lepsz\u0105 prac\u0119 po uko\u0144czeniu szko\u0142y \u015bredniej.<\/p>\n<hr \/>\n<h2>Cechy kursu:<\/h2>\n<div class=\"span12 typography_coloumn\">\n\t\t\t<div class=\"unordered_list\"><ul>\n<li>Zaj\u0119cia odbywaj\u0105 si\u0119 2 razy w tygodniu po <strong>85 minut<\/strong> ka\u017cde<\/li>\n<li>Post\u0119py uczni\u00f3w s\u0105 na bie\u017c\u0105co monitorowane <\/li>\n<li>Kursanci nie tylko doskonal\u0105 umiej\u0119tno\u015bci przydatne podczas zdawania egzaminu, ale tak\u017ce poszerzaj\u0105 swoj\u0105 wiedz\u0119 o j\u0119zyku angielskim i o \u015bwiecie<\/li>\n<\/ul><\/div><\/div>\n<p style=\"text-align: left;\"><a target=\"_blank\" class=\" button_red button_small  \" href=\"http:\/\/em-land.pl\/?page_id=46\" target=\" target=\"_blank\"\">Zapisz si\u0119<\/a>\n","protected":false},"excerpt":{"rendered":"<p>FCE, CAE, CPE, egzamin \u00f3smoklasisty, egzamin maturalny W ofercie mamy tak\u017ce kursy przygotowuj\u0105ce do egzaminu \u00f3smoklasisty czy maturalnego. Pami\u0119taj &#8211; dobrze zdany egzamin, w\u00a0pierwszym\u00a0przypadku to szansa na nauk\u0119 w renomowanej szkole ponadpodstawowej, w drugim na lepsz\u0105 prac\u0119 po uko\u0144czeniu szko\u0142y \u015bredniej. Cechy kursu:<\/p>\n","protected":false},"author":1,"featured_media":0,"parent":136,"menu_order":2,"comment_status":"closed","ping_status":"closed","template":"page-rightsb.php","meta":{"footnotes":""},"class_list":["post-133","page","type-page","status-publish","hentry"],"_links":{"self":[{"href":"https:\/\/em-land.pl\/index.php?rest_route=\/wp\/v2\/pages\/133","targetHints":{"allow":["GET"]}}],"collection":[{"href":"https:\/\/em-land.pl\/index.php?rest_route=\/wp\/v2\/pages"}],"about":[{"href":"https:\/\/em-land.pl\/index.php?rest_route=\/wp\/v2\/types\/page"}],"author":[{"embeddable":true,"href":"https:\/\/em-land.pl\/index.php?rest_route=\/wp\/v2\/users\/1"}],"replies":[{"embeddable":true,"href":"https:\/\/em-land.pl\/index.php?rest_route=%2Fwp%2Fv2%2Fcomments&post=133"}],"version-history":[{"count":26,"href":"https:\/\/em-land.pl\/index.php?rest_route=\/wp\/v2\/pages\/133\/revisions"}],"predecessor-version":[{"id":604,"href":"https:\/\/em-land.pl\/index.php?rest_route=\/wp\/v2\/pages\/133\/revisions\/604"}],"up":[{"embeddable":true,"href":"https:\/\/em-land.pl\/index.php?rest_route=\/wp\/v2\/pages\/136"}],"wp:attachment":[{"href":"https:\/\/em-land.pl\/index.php?rest_route=%2Fwp%2Fv2%2Fmedia&parent=133"}],"curies":[{"name":"wp","href":"https:\/\/api.w.org\/{rel}","templated":true}]}}