{"id":136,"date":"2016-08-03T01:54:14","date_gmt":"2016-08-02T23:54:14","guid":{"rendered":"http:\/\/em-land.pl\/?page_id=136"},"modified":"2017-07-27T22:25:03","modified_gmt":"2017-07-27T20:25:03","slug":"kursy","status":"publish","type":"page","link":"https:\/\/em-land.pl\/?page_id=136","title":{"rendered":"Kursy"},"content":{"rendered":"<hr \/>\n<h3 style=\"text-align: center;\"><span style=\"color: #bf0000;\"><em>&#8222;J\u0119zyk obcy nie musi by\u0107 Ci obcy!&#8221;<\/em><\/span><\/h3>\n<h6 style=\"text-align: center;\">&nbsp;&nbsp;&nbsp;&nbsp;&nbsp;&nbsp;&nbsp;&nbsp;&nbsp;&nbsp;&nbsp;&nbsp;&nbsp;&nbsp;&nbsp;&nbsp;&nbsp;&nbsp;&nbsp;&nbsp;&nbsp;&nbsp;&nbsp;&nbsp;&nbsp;&nbsp;&nbsp;&nbsp; <em>Kto\u015b \u017cyczliwy<\/em><\/h6>\n<hr \/>\n<div class=\"row-fluid\"><div class=\"span5\"> <img loading=\"lazy\" decoding=\"async\" class=\"alignnone size-medium wp-image-484\" src=\"http:\/\/em-land.pl\/wp-content\/uploads\/2017\/07\/kursy.jpg\" alt=\"kursy\" width=\"300\" height=\"200\" \/><\/div>\n<div class=\"span7\">\n<p style=\"text-align: justify;\">W naszej ofercie znajdziesz zar\u00f3wno kursy og\u00f3lne j\u0119zyka angielskiego, jak i kursy angielskiego przygotowuj\u0105ce do egzamin\u00f3w, kursy konwersacyjne czy kursy Business English. Szczeg\u00f3\u0142y w poszczeg\u00f3lnych sekcjach.<\/div><\/div>\n<hr \/>\n<h2><\/h2>\n","protected":false},"excerpt":{"rendered":"<p>&#8222;J\u0119zyk obcy nie musi by\u0107 Ci obcy!&#8221; &nbsp;&nbsp;&nbsp;&nbsp;&nbsp;&nbsp;&nbsp;&nbsp;&nbsp;&nbsp;&nbsp;&nbsp;&nbsp;&nbsp;&nbsp;&nbsp;&nbsp;&nbsp;&nbsp;&nbsp;&nbsp;&nbsp;&nbsp;&nbsp;&nbsp;&nbsp;&nbsp;&nbsp; Kto\u015b \u017cyczliwy<\/p>\n","protected":false},"author":1,"featured_media":0,"parent":0,"menu_order":2,"comment_status":"closed","ping_status":"closed","template":"page-rightsb.php","meta":{"footnotes":""},"class_list":["post-136","page","type-page","status-publish","hentry"],"_links":{"self":[{"href":"https:\/\/em-land.pl\/index.php?rest_route=\/wp\/v2\/pages\/136","targetHints":{"allow":["GET"]}}],"collection":[{"href":"https:\/\/em-land.pl\/index.php?rest_route=\/wp\/v2\/pages"}],"about":[{"href":"https:\/\/em-land.pl\/index.php?rest_route=\/wp\/v2\/types\/page"}],"author":[{"embeddable":true,"href":"https:\/\/em-land.pl\/index.php?rest_route=\/wp\/v2\/users\/1"}],"replies":[{"embeddable":true,"href":"https:\/\/em-land.pl\/index.php?rest_route=%2Fwp%2Fv2%2Fcomments&post=136"}],"version-history":[{"count":40,"href":"https:\/\/em-land.pl\/index.php?rest_route=\/wp\/v2\/pages\/136\/revisions"}],"predecessor-version":[{"id":562,"href":"https:\/\/em-land.pl\/index.php?rest_route=\/wp\/v2\/pages\/136\/revisions\/562"}],"wp:attachment":[{"href":"https:\/\/em-land.pl\/index.php?rest_route=%2Fwp%2Fv2%2Fmedia&parent=136"}],"curies":[{"name":"wp","href":"https:\/\/api.w.org\/{rel}","templated":true}]}}