{"id":21,"date":"2016-07-29T22:04:50","date_gmt":"2016-07-29T20:04:50","guid":{"rendered":"http:\/\/em-land.pl\/?page_id=21"},"modified":"2016-08-15T23:43:09","modified_gmt":"2016-08-15T21:43:09","slug":"kursy-dla-mlodziezy-i-doroslych","status":"publish","type":"page","link":"https:\/\/em-land.pl\/?page_id=21","title":{"rendered":"Dla troch\u0119 starszych"},"content":{"rendered":"<p style=\"text-align: left;\"><div class=\"typography_heading\"><h3>Kursy og\u00f3lne <strong>dla m\u0142odzie\u017cy i doros\u0142ych<\/strong><\/h3><\/div>\n<hr \/>\n<div class=\"row-fluid\"><div class=\"span5\"> <img loading=\"lazy\" decoding=\"async\" class=\"alignnone size-medium wp-image-486\" src=\"http:\/\/em-land.pl\/wp-content\/uploads\/2016\/08\/dorosli-300x200.jpg\" alt=\"dorosli\" width=\"300\" height=\"200\" \/><\/div>\n<div class=\"span7\">\n<p style=\"text-align: justify;\">Kursy og\u00f3lne dla m\u0142odzie\u017cy i doros\u0142ych rozwijaj\u0105 cztery sprawno\u015bci j\u0119zykowe, k\u0142ad\u0105c <b>nacisk na komunikacj\u0119<\/b>.<br \/>\nNasi kursanci d\u0105\u017c\u0105 do swobodnego pos\u0142ugiwania si\u0119 angielskim\u00a0w sytuacjach \u017cycia codziennego. Podczas zaj\u0119\u0107 wykorzystywane s\u0105 <b>r\u00f3\u017cnorodne \u015brodki dydaktyczne i nowoczesne technologie.<\/b><br \/>\nPost\u0119py kursant\u00f3w s\u0105 monitorowane, a kurs zako\u0144czony jest testem. Jego pozytywny wynik jest warunkiem otrzymania certyfikatu potwierdzaj\u0105cego zako\u0144czenie danego etapu nauki.<\/div><\/div>\n<hr \/>\n<h2>Cechy kursu:<\/h2>\n<div class=\"span12 typography_coloumn\">\n\t\t\t<div class=\"unordered_list\"><ul>\n<li>Zaj\u0119cia odbywaj\u0105 si\u0119 <strong>dwa razy w tygodniu<\/strong><\/li>\n<li>Ka\u017cde spotkanie trwa <strong>85 minut<\/strong><\/li>\n<li>Post\u0119py kursant\u00f3w s\u0105 monitorowane<\/li>\n<li>Na zako\u0144czenie kursu uczestnicy otrzymuj\u0105 <strong>certyfikaty<\/strong> <\/li>\n<\/ul><\/div><\/div>\n<p style=\"text-align: left;\"><a target=\"_blank\" class=\" button_red button_small  \" href=\"http:\/\/em-land.pl\/?page_id=46\" target=\" target=\"_blank\"\">Zapisz si\u0119<\/a>\n","protected":false},"excerpt":{"rendered":"<p>Cechy kursu:<\/p>\n","protected":false},"author":1,"featured_media":0,"parent":23,"menu_order":0,"comment_status":"closed","ping_status":"closed","template":"page-rightsb.php","meta":{"footnotes":""},"class_list":["post-21","page","type-page","status-publish","hentry"],"_links":{"self":[{"href":"https:\/\/em-land.pl\/index.php?rest_route=\/wp\/v2\/pages\/21","targetHints":{"allow":["GET"]}}],"collection":[{"href":"https:\/\/em-land.pl\/index.php?rest_route=\/wp\/v2\/pages"}],"about":[{"href":"https:\/\/em-land.pl\/index.php?rest_route=\/wp\/v2\/types\/page"}],"author":[{"embeddable":true,"href":"https:\/\/em-land.pl\/index.php?rest_route=\/wp\/v2\/users\/1"}],"replies":[{"embeddable":true,"href":"https:\/\/em-land.pl\/index.php?rest_route=%2Fwp%2Fv2%2Fcomments&post=21"}],"version-history":[{"count":18,"href":"https:\/\/em-land.pl\/index.php?rest_route=\/wp\/v2\/pages\/21\/revisions"}],"predecessor-version":[{"id":520,"href":"https:\/\/em-land.pl\/index.php?rest_route=\/wp\/v2\/pages\/21\/revisions\/520"}],"up":[{"embeddable":true,"href":"https:\/\/em-land.pl\/index.php?rest_route=\/wp\/v2\/pages\/23"}],"wp:attachment":[{"href":"https:\/\/em-land.pl\/index.php?rest_route=%2Fwp%2Fv2%2Fmedia&parent=21"}],"curies":[{"name":"wp","href":"https:\/\/api.w.org\/{rel}","templated":true}]}}