{"id":226,"date":"2016-08-09T21:38:22","date_gmt":"2016-08-09T19:38:22","guid":{"rendered":"http:\/\/em-land.pl\/?page_id=226"},"modified":"2023-08-29T23:37:12","modified_gmt":"2023-08-29T21:37:12","slug":"o-nas-2","status":"publish","type":"page","link":"https:\/\/em-land.pl\/?page_id=226","title":{"rendered":"O nas"},"content":{"rendered":"<hr \/>\n<h3 style=\"text-align: center;\"><span style=\"color: #bf0000;\"><em>&#8222;Z j\u0119zykami wsz\u0119dzie jeste\u015b w domu&#8221;<\/em><\/span><\/h3>\n<h6 style=\"text-align: center;\">\u00a0 \u00a0 \u00a0 \u00a0 \u00a0 \u00a0 \u00a0 \u00a0 \u00a0 \u00a0 \u00a0 \u00a0 \u00a0 \u00a0 \u00a0 \u00a0 \u00a0 \u00a0 \u00a0 \u00a0 \u00a0 \u00a0 \u00a0 \u00a0 \u00a0 \u00a0 \u00a0 \u00a0 \u00a0 \u00a0 <em>Edward De Waal<\/em><\/h6>\n<hr \/>\n<div class=\"row-fluid\">\n<div class=\"span5\">\n<img loading=\"lazy\" decoding=\"async\" class=\"alignnone size-medium wp-image-490\" src=\"http:\/\/em-land.pl\/wp-content\/uploads\/2016\/08\/onas-300x200.jpg\" alt=\"onas\" width=\"300\" height=\"200\" \/><\/div>\n<div class=\"span7\">\n<p style=\"text-align: justify;\">Znajomo\u015b\u0107 j\u0119zyk\u00f3w obcych, w szczeg\u00f3lno\u015bci angielskiego, wydaje si\u0119 by\u0107 kluczow\u0105 w obecnych czasach. Pos\u0142ugujemy si\u0119 nim w pracy, na wyjazdach s\u0142u\u017cbowych, wakacjach czy w szkole. By poczu\u0107 komfort i bezpiecze\u0144stwo, wynikaj\u0105ce z umiej\u0119tno\u015bci efektywnego komunikowania si\u0119, kt\u00f3re ma na my\u015bli Edward De Waal, warto jest pomy\u015ble\u0107 o rozpocz\u0119ciu nauki j\u0119zyka angielskiego lub rozwijaniu kompetencji zdobytych dotychczas. Nauka angielskiego sta\u0142a si\u0119 bowiem priorytetem prawie we wszystkich krajach.<\/div><\/div>\n<hr \/>\n<p style=\"text-align: justify;\">By wyj\u015b\u0107 naprzeciwko oczekiwaniom obecnych i przysz\u0142ych klient\u00f3w, firma EM-LAND przygotowa\u0142a ofert\u0119 kurs\u00f3w j\u0119zyka angielskiego na wszystkich poziomach zaawansowania (od A1 do C2) i dla wszystkich grup wiekowych. Proponujemy zaj\u0119cia dla dzieci, m\u0142odzie\u017cy i os\u00f3b doros\u0142ych w kameralnych grupach lub indywidualnie. Organizujemy szkolenia j\u0119zykowe dla firm znajduj\u0105cych si\u0119 na terenie Tr\u00f3jmiasta.<\/p>\n<hr \/>\n<p style=\"text-align: justify;\">Nasi studenci ucz\u0105 si\u0119 swobodnej komunikacji podczas kurs\u00f3w og\u00f3lnych i konwersacyjnych oraz przygotowuj\u0105 si\u0119 do egzamin\u00f3w j\u0119zykowych (FCE, CAE, CPE, matury czy egzaminu \u00f3smoklasisty), a tak\u017ce do pracy w mi\u0119dzynarodowym \u015brodowisku podczas kurs\u00f3w j\u0119zyka biznesu. Program nauczania dopasowujemy indywidualnie do potrzeb ka\u017cdego s\u0142uchacza. Gwarantujemy wysoki poziom nauczania i przyjazn\u0105 atmosfer\u0119 na zaj\u0119ciach, kt\u00f3ra przek\u0142ada si\u0119 na lepsze wyniki.<\/p>\n<hr \/>\n<p>Do\u0142\u0105cz do nas i daj si\u0119 poprowadzi\u0107, gdy\u017c nauka j\u0119zyk\u00f3w to nieko\u0144cz\u0105ca si\u0119 podr\u00f3\u017c\u2026<\/p>\n<p><strong>ZAPISY OD 1 WRZE\u015aNIA<\/strong><\/p>\n","protected":false},"excerpt":{"rendered":"<p>&#8222;Z j\u0119zykami wsz\u0119dzie jeste\u015b w domu&#8221; \u00a0 \u00a0 \u00a0 \u00a0 \u00a0 \u00a0 \u00a0 \u00a0 \u00a0 \u00a0 \u00a0 \u00a0 \u00a0 \u00a0 \u00a0 \u00a0 \u00a0 \u00a0 \u00a0 \u00a0 \u00a0 \u00a0 \u00a0 \u00a0 \u00a0 \u00a0 \u00a0 \u00a0 \u00a0 \u00a0 Edward De Waal By wyj\u015b\u0107 naprzeciwko oczekiwaniom obecnych i przysz\u0142ych klient\u00f3w, firma EM-LAND przygotowa\u0142a<\/p>\n","protected":false},"author":1,"featured_media":0,"parent":0,"menu_order":0,"comment_status":"closed","ping_status":"closed","template":"page-rightsb.php","meta":{"footnotes":""},"class_list":["post-226","page","type-page","status-publish","hentry"],"_links":{"self":[{"href":"https:\/\/em-land.pl\/index.php?rest_route=\/wp\/v2\/pages\/226","targetHints":{"allow":["GET"]}}],"collection":[{"href":"https:\/\/em-land.pl\/index.php?rest_route=\/wp\/v2\/pages"}],"about":[{"href":"https:\/\/em-land.pl\/index.php?rest_route=\/wp\/v2\/types\/page"}],"author":[{"embeddable":true,"href":"https:\/\/em-land.pl\/index.php?rest_route=\/wp\/v2\/users\/1"}],"replies":[{"embeddable":true,"href":"https:\/\/em-land.pl\/index.php?rest_route=%2Fwp%2Fv2%2Fcomments&post=226"}],"version-history":[{"count":44,"href":"https:\/\/em-land.pl\/index.php?rest_route=\/wp\/v2\/pages\/226\/revisions"}],"predecessor-version":[{"id":602,"href":"https:\/\/em-land.pl\/index.php?rest_route=\/wp\/v2\/pages\/226\/revisions\/602"}],"wp:attachment":[{"href":"https:\/\/em-land.pl\/index.php?rest_route=%2Fwp%2Fv2%2Fmedia&parent=226"}],"curies":[{"name":"wp","href":"https:\/\/api.w.org\/{rel}","templated":true}]}}