{"id":23,"date":"2016-07-29T22:06:38","date_gmt":"2016-07-29T20:06:38","guid":{"rendered":"http:\/\/em-land.pl\/?page_id=23"},"modified":"2023-08-29T23:43:47","modified_gmt":"2023-08-29T21:43:47","slug":"kursy-ogolne","status":"publish","type":"page","link":"https:\/\/em-land.pl\/?page_id=23","title":{"rendered":"Kursy og\u00f3lne"},"content":{"rendered":"<hr \/>\n<p>Firma <span style=\"color: #de0000;\">EM-LAND<\/span> organizuje kursy og\u00f3lne j\u0119zyka angielskiego grupowe i indywidualne dla wszystkich grup wiekowych i na wszystkich poziomach zaawansowania.<\/p>\n<hr \/>\n<p>Aby zapozna\u0107 si\u0119 z nasz\u0105 ofert\u0105, wybierz interesuj\u0105cy Ci\u0119 przedzia\u0142 wiekowy:<br \/>\n<div class=\"row-fluid\"><div class=\"span3\"> <\/div><\/div>\n<div class=\"row-fluid\"><div class=\"span3\">\n<a class=\" button_red button_large  \" href=\"http:\/\/em-land.pl\/?page_id=14\" target=\"\">Dzieci<\/a>\n<\/div>\n<div class=\"span6\">\n<a class=\" button_red button_large  \" href=\"http:\/\/em-land.pl\/?page_id=21\" target=\"\">M\u0142odzie\u017c i doro\u015bli<\/a><\/div><\/div>\n","protected":false},"excerpt":{"rendered":"<p>Firma EM-LAND organizuje kursy og\u00f3lne j\u0119zyka angielskiego grupowe i indywidualne dla wszystkich grup wiekowych i na wszystkich poziomach zaawansowania. Aby zapozna\u0107 si\u0119 z nasz\u0105 ofert\u0105, wybierz interesuj\u0105cy Ci\u0119 przedzia\u0142 wiekowy:<\/p>\n","protected":false},"author":1,"featured_media":0,"parent":136,"menu_order":0,"comment_status":"closed","ping_status":"closed","template":"page-rightsb.php","meta":{"footnotes":""},"class_list":["post-23","page","type-page","status-publish","hentry"],"_links":{"self":[{"href":"https:\/\/em-land.pl\/index.php?rest_route=\/wp\/v2\/pages\/23","targetHints":{"allow":["GET"]}}],"collection":[{"href":"https:\/\/em-land.pl\/index.php?rest_route=\/wp\/v2\/pages"}],"about":[{"href":"https:\/\/em-land.pl\/index.php?rest_route=\/wp\/v2\/types\/page"}],"author":[{"embeddable":true,"href":"https:\/\/em-land.pl\/index.php?rest_route=\/wp\/v2\/users\/1"}],"replies":[{"embeddable":true,"href":"https:\/\/em-land.pl\/index.php?rest_route=%2Fwp%2Fv2%2Fcomments&post=23"}],"version-history":[{"count":18,"href":"https:\/\/em-land.pl\/index.php?rest_route=\/wp\/v2\/pages\/23\/revisions"}],"predecessor-version":[{"id":605,"href":"https:\/\/em-land.pl\/index.php?rest_route=\/wp\/v2\/pages\/23\/revisions\/605"}],"up":[{"embeddable":true,"href":"https:\/\/em-land.pl\/index.php?rest_route=\/wp\/v2\/pages\/136"}],"wp:attachment":[{"href":"https:\/\/em-land.pl\/index.php?rest_route=%2Fwp%2Fv2%2Fmedia&parent=23"}],"curies":[{"name":"wp","href":"https:\/\/api.w.org\/{rel}","templated":true}]}}