{"id":33,"date":"2016-07-29T22:42:55","date_gmt":"2016-07-29T20:42:55","guid":{"rendered":"http:\/\/em-land.pl\/?page_id=33"},"modified":"2017-07-27T22:32:55","modified_gmt":"2017-07-27T20:32:55","slug":"tlumaczenia","status":"publish","type":"page","link":"https:\/\/em-land.pl\/?page_id=33","title":{"rendered":"T\u0142umaczenia"},"content":{"rendered":"<p style=\"text-align: left;\"><div class=\"typography_heading\"><h3>Potrzebujesz t\u0142umaczenia?<\/h3><\/div>\n<p><strong>Wykonamy je w dogodnym terminie. Gwarantujemy rzetelno\u015b\u0107 i poufno\u015b\u0107. <\/b><\/strong><\/p>\n<hr \/>\n<div class=\"row-fluid\"><div class=\"span5\"> <img loading=\"lazy\" decoding=\"async\" src=\"http:\/\/em-land.pl\/wp-content\/uploads\/2016\/08\/tlumaczenia-300x200.jpg\" alt=\"tlumaczenia\" width=\"300\" height=\"200\" class=\"alignnone size-medium wp-image-491\" \/><\/div>\n<div class=\"span7\">\n<p style=\"text-align: justify;\">Firma EM-LAND zajmuje si\u0119 t\u0142umaczeniami tekst\u00f3w zwyk\u0142ych i po\u015bwiadczonych z i na j\u0119zyk angielski i niemiecki. T\u0142umaczymy wszelkiego rodzaju dokumenty oraz uwierzytelniamy t\u0142umaczenia dla firm lub os\u00f3b fizycznych.<\/p>\n<hr \/>\n<p>Przed przyst\u0105pieniem do realizacji zlecenia, wykonujemy wycen\u0119 t\u0142umaczenia. Po jej akceptacji przyst\u0119pujemy do pracy.<br \/>\nW celu ustalenia szczeg\u00f3\u0142\u00f3w\u00a0<span style=\"text-decoration: underline;\"><span style=\"color: #de0000;\"><a style=\"color: #de0000; text-decoration: underline;\" href=\"http:\/\/em-land.pl\/?page_id=46\">skontaktuj si\u0119 z nami<\/a><\/span><\/span><\/p>\n<\/div><\/div>\n<p>&nbsp;<\/p>\n<p>&nbsp;<\/p>\n","protected":false},"excerpt":{"rendered":"<p>Wykonamy je w dogodnym terminie. Gwarantujemy rzetelno\u015b\u0107 i poufno\u015b\u0107. &nbsp; &nbsp;<\/p>\n","protected":false},"author":1,"featured_media":0,"parent":0,"menu_order":3,"comment_status":"closed","ping_status":"closed","template":"page-rightsb.php","meta":{"footnotes":""},"class_list":["post-33","page","type-page","status-publish","hentry"],"_links":{"self":[{"href":"https:\/\/em-land.pl\/index.php?rest_route=\/wp\/v2\/pages\/33","targetHints":{"allow":["GET"]}}],"collection":[{"href":"https:\/\/em-land.pl\/index.php?rest_route=\/wp\/v2\/pages"}],"about":[{"href":"https:\/\/em-land.pl\/index.php?rest_route=\/wp\/v2\/types\/page"}],"author":[{"embeddable":true,"href":"https:\/\/em-land.pl\/index.php?rest_route=\/wp\/v2\/users\/1"}],"replies":[{"embeddable":true,"href":"https:\/\/em-land.pl\/index.php?rest_route=%2Fwp%2Fv2%2Fcomments&post=33"}],"version-history":[{"count":32,"href":"https:\/\/em-land.pl\/index.php?rest_route=\/wp\/v2\/pages\/33\/revisions"}],"predecessor-version":[{"id":567,"href":"https:\/\/em-land.pl\/index.php?rest_route=\/wp\/v2\/pages\/33\/revisions\/567"}],"wp:attachment":[{"href":"https:\/\/em-land.pl\/index.php?rest_route=%2Fwp%2Fv2%2Fmedia&parent=33"}],"curies":[{"name":"wp","href":"https:\/\/api.w.org\/{rel}","templated":true}]}}